{"id":548,"date":"2024-01-01T17:08:16","date_gmt":"2024-01-01T17:08:16","guid":{"rendered":"https:\/\/tschuschner.eu\/?page_id=548"},"modified":"2024-10-08T20:40:58","modified_gmt":"2024-10-08T20:40:58","slug":"private-ferienwohnung-mieten-in-italien-lido-degli-estensi","status":"publish","type":"page","link":"https:\/\/tschuschner.eu\/","title":{"rendered":"Ferienwohnung mieten in Lido degli Estensi"},"content":{"rendered":"<section class=\"wpb-content-wrapper\"><p>[vc_row][vc_column offset=&#8220;vc_col-xs-12&#8243;][vc_gallery interval=&#8220;3&#8243; images=&#8220;921,880,878,873,712&#8243; img_size=&#8220;full&#8220; onclick=&#8220;&#8220; css=&#8220;.vc_custom_1704899645810{margin-top: -54px !important;margin-right: -236px !important;margin-left: -236px !important;}&#8220;][vc_column_text css=&#8220;.vc_custom_1704895311856{background-color: #ffffff !important;}&#8220;]<\/p>\n<h2>URLAUB IN ITALIEN AN DER ADRIA IN LIDO DEGLI ESTENSI<\/h2>\n<p>Ihr Urlaubsziel lockt mit einem atemberaubenden Sandstrand mit flachem Wasser, der deshalb vor allem bei Familien mit kleinen Kindern \u00e4u\u00dferst beliebt ist. Da die Wohnung in erster Strandreihe liegt, haben Sie nicht nur bequemen Zugang zum Strand (nur durch eine ruhige Promenade getrennt), sondern das Meer direkt vor ihren Augen. Im Hinterland laden Pinienw\u00e4lder und Biotope zu Wanderungen ein. Vielseitige Sportangebote wie Fussball- und Volleyballpl\u00e4tze, Surfschulen, Tennis und Rollschuhbahnen lassen keine Langeweile aufkommen. Besonders beliebt sind Ausfl\u00fcge nach Ravenna oder zum Po-Delta.<\/p>\n<p>An der ferraresischen K\u00fcste urlaubt man am Lido degli Estensi zweifellos am mond\u00e4nsten und lebhaftesten. Lido degli Estensi verf\u00fcgt auch \u00fcber einen hochmodernen, neu erbauten Touristenhafen, der <strong>Marina degli Estensi<\/strong> mit einer wundersch\u00f6nen Mole, auf der man den Sonnenuntergang genie\u00dfen kann.<\/p>\n<p>Unsere Ferienwohnung gl\u00e4nzt mit unschlagbaren Vorteilen:<\/p>\n<ul>\n<li>Sie genie\u00dfen einen herrlichen Ausblick auf die Adria, unmittelbaren Zugang zum Meer und den typischen italienischen Bagnos<\/li>\n<li>Die Wohnung liegt am Ende der Promenade und ist deshalb auch bei Hochbetrieb ruhig<\/li>\n<li>Einkaufsm\u00f6glichkeiten finden Sie direkt vor der T\u00fcr, ebenso wie nette kleine Espressobars und Restaurants<\/li>\n<li>Das Zentrum von Lido degli Estensi k\u00f6nnen Sie ganz bequem zu Fu\u00df erreichen<\/li>\n<li>Die Wohnung ist funktionell eingerichtet und verf\u00fcgt \u00fcber ein neues Badezimmer, ein Schlafzimmer, ein Kinderzimmer, ein Wohnzimmer mit K\u00fcchenzeile sowie zwei Balkone<\/li>\n<li>Der Fischerort Porto Garibaldi ist durch eine sekundenschnelle Fahrt \u00fcber den Hafenkanal mit der Fu\u00dfg\u00e4ngerf\u00e4hre, die unmittelbar hinter der Wohnung startet, zu erreichen. Dort k\u00f6nnen Sie leckeren fangfrischen Fisch f\u00fcrs Abendessen kaufen.<\/li>\n<\/ul>\n<p>Wer Entspannung, ein sch\u00f6nes Meer, gutes Essen, gute Einkaufsm\u00f6glichkeiten und Dolce Vita sucht, der sollte sich f\u00fcr einen Urlaub in unserer Wohnung in Lido degli Estensi entscheiden![\/vc_column_text][vc_zigzag][vc_tta_accordion active_section=&#8220;1&#8243; title=&#8220;AUSFL\u00dcGE IN DIE UMGEBUNG&#8220;][vc_tta_section title=&#8220;Comacchio&#8220; tab_id=&#8220;1704299000812-d1db64c0-6c0e&#8220;][vc_column_text]<\/p>\n<figure id=\"attachment_717\" aria-describedby=\"caption-attachment-717\" style=\"width: 1024px\" class=\"wp-caption aligncenter\"><img loading=\"lazy\" decoding=\"async\" class=\"wp-image-717 size-large\" src=\"https:\/\/tschuschner.eu\/wp-content\/uploads\/2024\/01\/20221001_192524-1024x576.jpg\" alt=\"Comaccio Treponti\" width=\"1024\" height=\"576\" srcset=\"https:\/\/tschuschner.eu\/wp-content\/uploads\/2024\/01\/20221001_192524-1024x576.jpg 1024w, https:\/\/tschuschner.eu\/wp-content\/uploads\/2024\/01\/20221001_192524-300x169.jpg 300w, https:\/\/tschuschner.eu\/wp-content\/uploads\/2024\/01\/20221001_192524-768x432.jpg 768w, https:\/\/tschuschner.eu\/wp-content\/uploads\/2024\/01\/20221001_192524-1536x864.jpg 1536w, https:\/\/tschuschner.eu\/wp-content\/uploads\/2024\/01\/20221001_192524-2048x1152.jpg 2048w\" sizes=\"auto, (max-width: 1024px) 100vw, 1024px\" \/><figcaption id=\"caption-attachment-717\" class=\"wp-caption-text\">Ausflug nach Comaccio Treponti<\/figcaption><\/figure>\n<p><strong>Comacchio <\/strong>liegt unmittelbar in der N\u00e4he und ist eine reizende kleine Stadt mit antikem Ursprung \u00a0und kann mit einem sehr gut erhaltenen historischen Zentrum aufwarten. Mit seinen Kan\u00e4len, h\u00fcbschen Br\u00fccken und Pal\u00e4sten erinnert es ein wenig an <a href=\"http:\/\/meineadria.com\/venedig.1254.0.html\">Venedig<\/a>. Erw\u00e4hnens- und besichtigenswert ist vor allem die Kanalbr\u00fccke Treponti aus dem Jahr 1634 mit zwei Befestigungst\u00fcrmchen.[\/vc_column_text][\/vc_tta_section][vc_tta_section title=&#8220;Ravenna&#8220; tab_id=&#8220;1704299000823-15c68a70-e879&#8243;][vc_column_text]<\/p>\n<figure id=\"attachment_719\" aria-describedby=\"caption-attachment-719\" style=\"width: 1024px\" class=\"wp-caption aligncenter\"><img loading=\"lazy\" decoding=\"async\" class=\"wp-image-719 size-large\" src=\"https:\/\/tschuschner.eu\/wp-content\/uploads\/2024\/01\/20210707_185610_dante-1024x697.jpg\" alt=\"Ausflug nach Ravenna\" width=\"1024\" height=\"697\" srcset=\"https:\/\/tschuschner.eu\/wp-content\/uploads\/2024\/01\/20210707_185610_dante-1024x697.jpg 1024w, https:\/\/tschuschner.eu\/wp-content\/uploads\/2024\/01\/20210707_185610_dante-300x204.jpg 300w, https:\/\/tschuschner.eu\/wp-content\/uploads\/2024\/01\/20210707_185610_dante-768x523.jpg 768w, https:\/\/tschuschner.eu\/wp-content\/uploads\/2024\/01\/20210707_185610_dante-1536x1046.jpg 1536w, https:\/\/tschuschner.eu\/wp-content\/uploads\/2024\/01\/20210707_185610_dante-2048x1395.jpg 2048w\" sizes=\"auto, (max-width: 1024px) 100vw, 1024px\" \/><figcaption id=\"caption-attachment-719\" class=\"wp-caption-text\">Ausflug von Estensi nach Ravenna<\/figcaption><\/figure>\n<p>Das nur 30 Kilometer entfernte<strong> Ravenna<\/strong> ist von besonderer kunsthistorischer Bedeutung: Besichtigen Sie\u00a0 <a href=\"http:\/\/de.wikipedia.org\/wiki\/Alte_Kirche\">fr\u00fchchristliche<\/a> Kirchen, <a href=\"http:\/\/de.wikipedia.org\/wiki\/Taufkapelle\">Taufkapellen<\/a>, <a href=\"http:\/\/de.wikipedia.org\/wiki\/Mausoleum\">Mausoleen<\/a> und Mosaiken und entspannen Sie in einem der vielen netten\u00a0 Caf\u00e9s. Acht Geb\u00e4ude aus dem 5. und 6. Jahrhundert n. Chr. wurden 1996 in das <a href=\"http:\/\/de.wikipedia.org\/wiki\/UNESCO-Welterbe\">Weltkulturerbe der UNESCO<\/a> aufgenommen.[\/vc_column_text][\/vc_tta_section][vc_tta_section title=&#8220;Ferrara&#8220; tab_id=&#8220;1704299239724-c9362969-9c00&#8243;][vc_column_text]<\/p>\n<figure id=\"attachment_721\" aria-describedby=\"caption-attachment-721\" style=\"width: 768px\" class=\"wp-caption alignleft\"><img loading=\"lazy\" decoding=\"async\" class=\"wp-image-721 size-large\" src=\"https:\/\/tschuschner.eu\/wp-content\/uploads\/2024\/01\/DSC01542-768x1024.jpg\" alt=\"Ausflug nach Ferrara\" width=\"768\" height=\"1024\" srcset=\"https:\/\/tschuschner.eu\/wp-content\/uploads\/2024\/01\/DSC01542-768x1024.jpg 768w, https:\/\/tschuschner.eu\/wp-content\/uploads\/2024\/01\/DSC01542-225x300.jpg 225w, https:\/\/tschuschner.eu\/wp-content\/uploads\/2024\/01\/DSC01542-1152x1536.jpg 1152w, https:\/\/tschuschner.eu\/wp-content\/uploads\/2024\/01\/DSC01542-1536x2048.jpg 1536w, https:\/\/tschuschner.eu\/wp-content\/uploads\/2024\/01\/DSC01542-scaled.jpg 1920w\" sizes=\"auto, (max-width: 768px) 100vw, 768px\" \/><figcaption id=\"caption-attachment-721\" class=\"wp-caption-text\">Ausflug nach Ferrara<\/figcaption><\/figure>\n<p><strong>Ferrara<\/strong>, ebenfalls nur 50 Kilometer entfernt<strong>,<\/strong> ist Hauptstadt der gleichnamigen <a href=\"http:\/\/de.wikipedia.org\/wiki\/Provinz_Ferrara\">Provinz<\/a> und Erzbischofssitz. Die Stadt liegt am rechten Ufer des <a href=\"http:\/\/de.wikipedia.org\/wiki\/Po_%28Fluss%29\">Po<\/a>, dessen Arm Po di Volano mitten durch die Stadt flie\u00dft. Ferrara ist ein Wirtschafts- und Kulturzentrum und gro\u00dfe Universit\u00e4tsstadt; die 1391 gegr\u00fcndete Universit\u00e4t ist eine der \u00e4ltesten Europas. Ferrara ist im fr\u00fchen Mittelalter entstanden und somit eine der wenigen italienischen St\u00e4dte nichtr\u00f6mischer Gr\u00fcndung. Ihr gesamter mittelalterlicher Stadtwall ist unversehrt und fast intakt erhalten. Der historische Stadtkern Ferraras wurde von der <a href=\"http:\/\/de.wikipedia.org\/wiki\/UNESCO\">UNESCO<\/a> als <a href=\"http:\/\/de.wikipedia.org\/wiki\/Weltkulturerbe\">Weltkulturerbe<\/a> anerkannt und ist ein sehr reizvoller Platz.[\/vc_column_text][\/vc_tta_section][vc_tta_section title=&#8220;Venedig&#8220; tab_id=&#8220;1704299326455-462916c6-e567&#8243;][vc_column_text]<\/p>\n<figure id=\"attachment_125\" aria-describedby=\"caption-attachment-125\" style=\"width: 1024px\" class=\"wp-caption aligncenter\"><img loading=\"lazy\" decoding=\"async\" class=\"wp-image-125 size-large\" title=\"Ausflug nach Venedig\" src=\"https:\/\/tschuschner.eu\/wp-content\/uploads\/2022\/02\/home-titel_IMG_9939_B-1024x640.jpg\" alt=\"Ausflug nach Venedig\" width=\"1024\" height=\"640\" srcset=\"https:\/\/tschuschner.eu\/wp-content\/uploads\/2022\/02\/home-titel_IMG_9939_B-1024x640.jpg 1024w, https:\/\/tschuschner.eu\/wp-content\/uploads\/2022\/02\/home-titel_IMG_9939_B-300x188.jpg 300w, https:\/\/tschuschner.eu\/wp-content\/uploads\/2022\/02\/home-titel_IMG_9939_B-768x480.jpg 768w, https:\/\/tschuschner.eu\/wp-content\/uploads\/2022\/02\/home-titel_IMG_9939_B-1536x960.jpg 1536w, https:\/\/tschuschner.eu\/wp-content\/uploads\/2022\/02\/home-titel_IMG_9939_B.jpg 1680w\" sizes=\"auto, (max-width: 1024px) 100vw, 1024px\" \/><figcaption id=\"caption-attachment-125\" class=\"wp-caption-text\">Ausflug nach Venedig<\/figcaption><\/figure>\n<p>Planen Sie einen Tagesausflug in das 140 Kilometer entfernte <strong>Venedig<\/strong>, gut \u00fcber die Strada Romea zu erreichen,\u00a0 und entdecken Sie die Stadt der 1000 Gesichter, Br\u00fccken und Kan\u00e4le. Wer es entspannt haben m\u00f6chte, kann die Fahrt auch in 2,5 h mit dem Bus zur\u00fccklegen.[\/vc_column_text][\/vc_tta_section][vc_tta_section title=&#8220;Po Delta&#8220; tab_id=&#8220;1704299360749-1911d93f-90f8&#8243;][vc_column_text]<\/p>\n<figure id=\"attachment_724\" aria-describedby=\"caption-attachment-724\" style=\"width: 600px\" class=\"wp-caption alignleft\"><img loading=\"lazy\" decoding=\"async\" class=\"wp-image-724 size-full\" src=\"https:\/\/tschuschner.eu\/wp-content\/uploads\/2024\/01\/umgebung_4.jpg\" alt=\"Ausflug ins Po Delta\" width=\"600\" height=\"400\" srcset=\"https:\/\/tschuschner.eu\/wp-content\/uploads\/2024\/01\/umgebung_4.jpg 600w, https:\/\/tschuschner.eu\/wp-content\/uploads\/2024\/01\/umgebung_4-300x200.jpg 300w\" sizes=\"auto, (max-width: 600px) 100vw, 600px\" \/><figcaption id=\"caption-attachment-724\" class=\"wp-caption-text\">Ausflug ins Po Delta<\/figcaption><\/figure>\n<h4>Natur pur<\/h4>\n<p>Estensi ist unmittelbar mit dem <strong>Po Delta<\/strong> verbunden, das nicht nur das gr\u00f6\u00dfte Feuchtgebiet Italiens, sondern auch eines der gr\u00f6\u00dften in Europa ist. Im Po Delta flie\u00dft Italiens gr\u00f6\u00dfter Fluss, der Po, begleitet von der Etsch in 6 Wasserarmen ins Meer. \u00dcber 400 Vogelarten haben hier ihre Nistpl\u00e4tze und machen das Delta zu einem landschaftlich und artenm\u00e4\u00dfig extrem interessanten Gebiet.[\/vc_column_text][\/vc_tta_section][\/vc_tta_accordion][vc_zigzag][vc_column_text]<\/p>\n<h4>SHOPPEN<\/h4>\n<p><strong>Shoppingfreunde aufgepasst<\/strong>!<br \/>\nWer in Estensi Urlaub macht, kann sich \u00fcber ein unschlagbares Angebot von Wochenm\u00e4rkten, Gesch\u00e4ften und Shoppingzentren freuen. Das Angebot hat f\u00fcr jeden Geschmack etwas zu bieten, und die Preise sind sehr moderat. Machen Sie ausgedehnte Shoppingtouren zu einem Teil Ihres Urlaubs. Hier sind die Highlights:<\/p>\n<p>Die \u00a0familienfreundliche <strong>Einkaufsstra\u00dfe Viale Carducci<\/strong> ist in unmittelbarer N\u00e4he bequem zu Fu\u00df zu erreichen. Abends wird die Meile mit Restaurants, Gesch\u00e4ften und den weltbesten Eisdielen zu einem italienischen Lebensmittelpunkt.<\/p>\n<p>F\u00fcr gr\u00f6\u00dfere Eink\u00e4ufe befindet sich an der Stra\u00dfe Richtung Comacchio in etwa 1, 5 Kilometer Entfernung das gro\u00dfe <strong>Shoppingzentrum Centro Commerciale Le Valli<\/strong> mit einem gro\u00dfen Supermercado, Schuhgesch\u00e4ften und diversen anderen Gesch\u00e4ften.[\/vc_column_text][vc_toggle title=&#8220;Wochenm\u00e4rkte:&#8220;]Wochenm\u00e4rkte:<\/p>\n<ul>\n<li>Montag: Lido de Spina und Ferrara<\/li>\n<li>Dienstag: Lido di Scacchi<\/li>\n<li>Mittwoch: Comacchio und Ravenna<\/li>\n<li>Donnerstag: Porto Garibaldi<\/li>\n<li>Freitag: Lido di Pomposa<\/li>\n<li>Samstag: Lido degli Estensi und Ravenna<\/li>\n<li>Sonntag: Lido degli Nazioni<\/li>\n<\/ul>\n<p>[\/vc_toggle][\/vc_column][\/vc_row]<\/p>\n<\/section>","protected":false},"excerpt":{"rendered":"<p>[vc_row][vc_column offset=&#8220;vc_col-xs-12&#8243;][vc_gallery interval=&#8220;3&#8243; images=&#8220;921,880,878,873,712&#8243; img_size=&#8220;full&#8220; onclick=&#8220;&#8220; css=&#8220;.vc_custom_1704899645810{margin-top: -54px !important;margin-right: -236px !important;margin-left: -236px !important;}&#8220;][vc_column_text css=&#8220;.vc_custom_1704895311856{background-color: #ffffff !important;}&#8220;] URLAUB IN ITALIEN AN DER ADRIA IN LIDO DEGLI ESTENSI Ihr Urlaubsziel lockt mit einem atemberaubenden Sandstrand mit flachem Wasser, der deshalb vor allem bei Familien mit kleinen Kindern \u00e4u\u00dferst beliebt ist. Da die Wohnung in erster Strandreihe liegt, [&hellip;]<\/p>\n","protected":false},"author":1,"featured_media":0,"parent":0,"menu_order":0,"comment_status":"closed","ping_status":"closed","template":"","meta":{"footnotes":""},"class_list":["post-548","page","type-page","status-publish","hentry"],"yoast_head":"<!-- This site is optimized with the Yoast SEO plugin v27.4 - https:\/\/yoast.com\/product\/yoast-seo-wordpress\/ -->\n<title>Private Ferienwohnung mit Meerblick mieten - Adria - Lido degli Estensi<\/title>\n<meta name=\"description\" content=\"Vermietung unserer privaten Ferienwohnung in Italien in Lido degli Estensi mit Meerblick zum fairen Preis ohne airbnb und booking.com Geb\u00fchren\" \/>\n<meta name=\"robots\" content=\"index, follow, max-snippet:-1, max-image-preview:large, max-video-preview:-1\" \/>\n<link rel=\"canonical\" href=\"https:\/\/tschuschner.eu\/\" \/>\n<meta property=\"og:locale\" content=\"de_DE\" \/>\n<meta property=\"og:type\" content=\"article\" \/>\n<meta property=\"og:title\" content=\"Private Ferienwohnung mit Meerblick mieten - Adria - Lido degli Estensi\" \/>\n<meta property=\"og:description\" content=\"Vermietung unserer privaten Ferienwohnung in Italien in Lido degli Estensi mit Meerblick zum fairen Preis ohne airbnb und booking.com Geb\u00fchren\" \/>\n<meta property=\"og:url\" content=\"https:\/\/tschuschner.eu\/\" \/>\n<meta property=\"og:site_name\" content=\"\u00ad\u00adApartment mit Meerblick\" \/>\n<meta property=\"article:modified_time\" content=\"2024-10-08T20:40:58+00:00\" \/>\n<meta property=\"og:image\" content=\"https:\/\/tschuschner.eu\/wp-content\/uploads\/2024\/01\/20221001_192524-1024x576.jpg\" \/>\n<meta name=\"twitter:card\" content=\"summary_large_image\" \/>\n<meta name=\"twitter:label1\" content=\"Gesch\u00e4tzte Lesezeit\" \/>\n\t<meta name=\"twitter:data1\" content=\"7\u00a0Minuten\" \/>\n<script type=\"application\/ld+json\" class=\"yoast-schema-graph\">{\"@context\":\"https:\\\/\\\/schema.org\",\"@graph\":[{\"@type\":\"WebPage\",\"@id\":\"https:\\\/\\\/tschuschner.eu\\\/\",\"url\":\"https:\\\/\\\/tschuschner.eu\\\/\",\"name\":\"Private Ferienwohnung mit Meerblick mieten - Adria - Lido degli Estensi\",\"isPartOf\":{\"@id\":\"https:\\\/\\\/tschuschner.eu\\\/#website\"},\"primaryImageOfPage\":{\"@id\":\"https:\\\/\\\/tschuschner.eu\\\/#primaryimage\"},\"image\":{\"@id\":\"https:\\\/\\\/tschuschner.eu\\\/#primaryimage\"},\"thumbnailUrl\":\"https:\\\/\\\/tschuschner.eu\\\/wp-content\\\/uploads\\\/2024\\\/01\\\/20221001_192524-1024x576.jpg\",\"datePublished\":\"2024-01-01T17:08:16+00:00\",\"dateModified\":\"2024-10-08T20:40:58+00:00\",\"description\":\"Vermietung unserer privaten Ferienwohnung in Italien in Lido degli Estensi mit Meerblick zum fairen Preis ohne airbnb und booking.com Geb\u00fchren\",\"breadcrumb\":{\"@id\":\"https:\\\/\\\/tschuschner.eu\\\/#breadcrumb\"},\"inLanguage\":\"de\",\"potentialAction\":[{\"@type\":\"ReadAction\",\"target\":[\"https:\\\/\\\/tschuschner.eu\\\/\"]}]},{\"@type\":\"ImageObject\",\"inLanguage\":\"de\",\"@id\":\"https:\\\/\\\/tschuschner.eu\\\/#primaryimage\",\"url\":\"https:\\\/\\\/tschuschner.eu\\\/wp-content\\\/uploads\\\/2024\\\/01\\\/20221001_192524-scaled.jpg\",\"contentUrl\":\"https:\\\/\\\/tschuschner.eu\\\/wp-content\\\/uploads\\\/2024\\\/01\\\/20221001_192524-scaled.jpg\",\"width\":2560,\"height\":1440,\"caption\":\"Ausflug nach Comaccio Treponti\"},{\"@type\":\"BreadcrumbList\",\"@id\":\"https:\\\/\\\/tschuschner.eu\\\/#breadcrumb\",\"itemListElement\":[{\"@type\":\"ListItem\",\"position\":1,\"name\":\"Startseite\",\"item\":\"https:\\\/\\\/tschuschner.eu\\\/\"},{\"@type\":\"ListItem\",\"position\":2,\"name\":\"Ferienwohnung mieten in Lido degli Estensi\"}]},{\"@type\":\"WebSite\",\"@id\":\"https:\\\/\\\/tschuschner.eu\\\/#website\",\"url\":\"https:\\\/\\\/tschuschner.eu\\\/\",\"name\":\"\u00ad\u00adApartment mit Meerblick\",\"description\":\"Lido degli Estensi\",\"potentialAction\":[{\"@type\":\"SearchAction\",\"target\":{\"@type\":\"EntryPoint\",\"urlTemplate\":\"https:\\\/\\\/tschuschner.eu\\\/?s={search_term_string}\"},\"query-input\":{\"@type\":\"PropertyValueSpecification\",\"valueRequired\":true,\"valueName\":\"search_term_string\"}}],\"inLanguage\":\"de\"}]}<\/script>\n<!-- \/ Yoast SEO plugin. -->","yoast_head_json":{"title":"Private Ferienwohnung mit Meerblick mieten - Adria - Lido degli Estensi","description":"Vermietung unserer privaten Ferienwohnung in Italien in Lido degli Estensi mit Meerblick zum fairen Preis ohne airbnb und booking.com Geb\u00fchren","robots":{"index":"index","follow":"follow","max-snippet":"max-snippet:-1","max-image-preview":"max-image-preview:large","max-video-preview":"max-video-preview:-1"},"canonical":"https:\/\/tschuschner.eu\/","og_locale":"de_DE","og_type":"article","og_title":"Private Ferienwohnung mit Meerblick mieten - Adria - Lido degli Estensi","og_description":"Vermietung unserer privaten Ferienwohnung in Italien in Lido degli Estensi mit Meerblick zum fairen Preis ohne airbnb und booking.com Geb\u00fchren","og_url":"https:\/\/tschuschner.eu\/","og_site_name":"\u00ad\u00adApartment mit Meerblick","article_modified_time":"2024-10-08T20:40:58+00:00","og_image":[{"url":"https:\/\/tschuschner.eu\/wp-content\/uploads\/2024\/01\/20221001_192524-1024x576.jpg","type":"","width":"","height":""}],"twitter_card":"summary_large_image","twitter_misc":{"Gesch\u00e4tzte Lesezeit":"7\u00a0Minuten"},"schema":{"@context":"https:\/\/schema.org","@graph":[{"@type":"WebPage","@id":"https:\/\/tschuschner.eu\/","url":"https:\/\/tschuschner.eu\/","name":"Private Ferienwohnung mit Meerblick mieten - Adria - Lido degli Estensi","isPartOf":{"@id":"https:\/\/tschuschner.eu\/#website"},"primaryImageOfPage":{"@id":"https:\/\/tschuschner.eu\/#primaryimage"},"image":{"@id":"https:\/\/tschuschner.eu\/#primaryimage"},"thumbnailUrl":"https:\/\/tschuschner.eu\/wp-content\/uploads\/2024\/01\/20221001_192524-1024x576.jpg","datePublished":"2024-01-01T17:08:16+00:00","dateModified":"2024-10-08T20:40:58+00:00","description":"Vermietung unserer privaten Ferienwohnung in Italien in Lido degli Estensi mit Meerblick zum fairen Preis ohne airbnb und booking.com Geb\u00fchren","breadcrumb":{"@id":"https:\/\/tschuschner.eu\/#breadcrumb"},"inLanguage":"de","potentialAction":[{"@type":"ReadAction","target":["https:\/\/tschuschner.eu\/"]}]},{"@type":"ImageObject","inLanguage":"de","@id":"https:\/\/tschuschner.eu\/#primaryimage","url":"https:\/\/tschuschner.eu\/wp-content\/uploads\/2024\/01\/20221001_192524-scaled.jpg","contentUrl":"https:\/\/tschuschner.eu\/wp-content\/uploads\/2024\/01\/20221001_192524-scaled.jpg","width":2560,"height":1440,"caption":"Ausflug nach Comaccio Treponti"},{"@type":"BreadcrumbList","@id":"https:\/\/tschuschner.eu\/#breadcrumb","itemListElement":[{"@type":"ListItem","position":1,"name":"Startseite","item":"https:\/\/tschuschner.eu\/"},{"@type":"ListItem","position":2,"name":"Ferienwohnung mieten in Lido degli Estensi"}]},{"@type":"WebSite","@id":"https:\/\/tschuschner.eu\/#website","url":"https:\/\/tschuschner.eu\/","name":"\u00ad\u00adApartment mit Meerblick","description":"Lido degli Estensi","potentialAction":[{"@type":"SearchAction","target":{"@type":"EntryPoint","urlTemplate":"https:\/\/tschuschner.eu\/?s={search_term_string}"},"query-input":{"@type":"PropertyValueSpecification","valueRequired":true,"valueName":"search_term_string"}}],"inLanguage":"de"}]}},"_links":{"self":[{"href":"https:\/\/tschuschner.eu\/index.php?rest_route=\/wp\/v2\/pages\/548","targetHints":{"allow":["GET"]}}],"collection":[{"href":"https:\/\/tschuschner.eu\/index.php?rest_route=\/wp\/v2\/pages"}],"about":[{"href":"https:\/\/tschuschner.eu\/index.php?rest_route=\/wp\/v2\/types\/page"}],"author":[{"embeddable":true,"href":"https:\/\/tschuschner.eu\/index.php?rest_route=\/wp\/v2\/users\/1"}],"replies":[{"embeddable":true,"href":"https:\/\/tschuschner.eu\/index.php?rest_route=%2Fwp%2Fv2%2Fcomments&post=548"}],"version-history":[{"count":81,"href":"https:\/\/tschuschner.eu\/index.php?rest_route=\/wp\/v2\/pages\/548\/revisions"}],"predecessor-version":[{"id":971,"href":"https:\/\/tschuschner.eu\/index.php?rest_route=\/wp\/v2\/pages\/548\/revisions\/971"}],"wp:attachment":[{"href":"https:\/\/tschuschner.eu\/index.php?rest_route=%2Fwp%2Fv2%2Fmedia&parent=548"}],"curies":[{"name":"wp","href":"https:\/\/api.w.org\/{rel}","templated":true}]}}